{"id":39,"date":"2021-06-11T13:38:19","date_gmt":"2021-06-11T13:38:19","guid":{"rendered":"https:\/\/fragen.sf-datentechnik.de\/?page_id=39"},"modified":"2021-06-11T14:07:56","modified_gmt":"2021-06-11T14:07:56","slug":"impressum","status":"publish","type":"page","link":"https:\/\/fragen.sf-datentechnik.de\/?page_id=39","title":{"rendered":"Impressum"},"content":{"rendered":"\t\t<div data-elementor-type=\"wp-page\" data-elementor-id=\"39\" class=\"elementor elementor-39\" data-elementor-settings=\"[]\">\n\t\t\t\t\t\t\t<div class=\"elementor-section-wrap\">\n\t\t\t\t\t\t\t<section class=\"elementor-section elementor-top-section elementor-element elementor-element-76e02a84 elementor-section-stretched image-slider elementor-section-boxed elementor-section-height-default elementor-section-height-default\" data-id=\"76e02a84\" data-element_type=\"section\" data-settings=\"{&quot;background_background&quot;:&quot;slideshow&quot;,&quot;background_slideshow_gallery&quot;:[{&quot;id&quot;:99,&quot;url&quot;:&quot;https:\\\/\\\/fragen.sf-datentechnik.de\\\/wp-content\\\/uploads\\\/2021\\\/06\\\/Background_Header_SF_2-1.jpg&quot;}],&quot;background_slideshow_ken_burns&quot;:&quot;yes&quot;,&quot;stretch_section&quot;:&quot;section-stretched&quot;,&quot;background_slideshow_loop&quot;:&quot;yes&quot;,&quot;background_slideshow_slide_duration&quot;:5000,&quot;background_slideshow_slide_transition&quot;:&quot;fade&quot;,&quot;background_slideshow_transition_duration&quot;:500,&quot;background_slideshow_ken_burns_zoom_direction&quot;:&quot;in&quot;}\">\n\t\t\t\t\t\t\t<div class=\"elementor-background-overlay\"><\/div>\n\t\t\t\t\t\t\t<div class=\"elementor-container elementor-column-gap-default\">\n\t\t\t\t\t<div class=\"elementor-column elementor-col-50 elementor-top-column elementor-element elementor-element-2072ff7e\" data-id=\"2072ff7e\" data-element_type=\"column\" data-settings=\"{&quot;background_background&quot;:&quot;classic&quot;}\">\n\t\t\t<div class=\"elementor-widget-wrap elementor-element-populated\">\n\t\t\t\t\t\t\t\t<div class=\"elementor-element elementor-element-76b37395 elementor-widget elementor-widget-heading\" data-id=\"76b37395\" data-element_type=\"widget\" data-widget_type=\"heading.default\">\n\t\t\t\t<div class=\"elementor-widget-container\">\n\t\t\t<h2 class=\"elementor-heading-title elementor-size-default\">Impressum<\/h2>\t\t<\/div>\n\t\t\t\t<\/div>\n\t\t\t\t<div class=\"elementor-element elementor-element-3acb4b97 elementor-widget elementor-widget-text-editor\" data-id=\"3acb4b97\" data-element_type=\"widget\" data-widget_type=\"text-editor.default\">\n\t\t\t\t<div class=\"elementor-widget-container\">\n\t\t\t\t\t\t\t\t<p>S&amp;F Datentechnik GmbH &amp; Co. KG<br \/>Reimersstra\u00dfe 41b<br \/>26789 Leer<br \/>Tel.: 0491 \/ 9 25 67 -0<br \/>Fax: 0491 \/ 9 25 67 -67<br \/>E-Mail: <a href=\"mailto:info@sf-datentechnik.de\">info@sf-datentechnik.de<\/a><\/p><p>Haftungshinweis: Trotz sorgf\u00e4ltiger inhaltlicher Kontrolle \u00fcbernehmen wir keine Haftung f\u00fcr die Inhalte externer Links. F\u00fcr den Inhalt der verlinkten Seiten sind ausschlie\u00dflich deren Betreiber verantwortlich.<\/p>\t\t\t\t\t\t<\/div>\n\t\t\t\t<\/div>\n\t\t\t\t\t<\/div>\n\t\t<\/div>\n\t\t\t\t<div class=\"elementor-column elementor-col-50 elementor-top-column elementor-element elementor-element-7c0c93ca\" data-id=\"7c0c93ca\" data-element_type=\"column\" data-settings=\"{&quot;background_background&quot;:&quot;classic&quot;}\">\n\t\t\t<div class=\"elementor-widget-wrap elementor-element-populated\">\n\t\t\t\t\t\t\t\t<div class=\"elementor-element elementor-element-317ea283 elementor-widget elementor-widget-text-editor\" data-id=\"317ea283\" data-element_type=\"widget\" data-widget_type=\"text-editor.default\">\n\t\t\t\t<div class=\"elementor-widget-container\">\n\t\t\t\t\t\t\t\t<p>Gesch\u00e4ftsf\u00fchrer:<br \/>Dipl.-Kfm. (FH) Jens Duin<br \/>Dipl.-Inform. Heino Hellmers<br \/>Dipl.-Kfm. (FH) Daniel V\u00f6lker<\/p><p>KG Sitz Leer, HRA Aurich 110320<\/p><p>Pers\u00f6nlich haftende Gesellschafterin:<br \/>S&amp;F Datentechnik GmbH<br \/>Registergericht: Amtsgericht Aurich<br \/>Registernummer: HRA 110320<br \/>USt.-ID gem\u00e4\u00df \u00a7 27a Umsatzsteuergesetz: DE 117264427<\/p>\t\t\t\t\t\t<\/div>\n\t\t\t\t<\/div>\n\t\t\t\t\t<\/div>\n\t\t<\/div>\n\t\t\t\t\t\t\t<\/div>\n\t\t<\/section>\n\t\t\t\t\t\t<\/div>\n\t\t\t\t\t<\/div>\n\t\t","protected":false},"excerpt":{"rendered":"<p>Impressum S&amp;F Datentechnik GmbH &amp; Co. KGReimersstra\u00dfe 41b26789 LeerTel.: 0491 \/ 9 25 67 -0Fax: 0491 \/ 9 25 67 -67E-Mail: info@sf-datentechnik.de Haftungshinweis: Trotz sorgf\u00e4ltiger inhaltlicher Kontrolle \u00fcbernehmen wir keine Haftung f\u00fcr die Inhalte externer Links. F\u00fcr den Inhalt der verlinkten Seiten sind ausschlie\u00dflich deren Betreiber verantwortlich. Gesch\u00e4ftsf\u00fchrer:Dipl.-Kfm. (FH) Jens DuinDipl.-Inform. Heino HellmersDipl.-Kfm. (FH) Daniel [&hellip;]<\/p>\n","protected":false},"author":1,"featured_media":0,"parent":0,"menu_order":0,"comment_status":"closed","ping_status":"closed","template":"","meta":[],"_links":{"self":[{"href":"https:\/\/fragen.sf-datentechnik.de\/index.php?rest_route=\/wp\/v2\/pages\/39"}],"collection":[{"href":"https:\/\/fragen.sf-datentechnik.de\/index.php?rest_route=\/wp\/v2\/pages"}],"about":[{"href":"https:\/\/fragen.sf-datentechnik.de\/index.php?rest_route=\/wp\/v2\/types\/page"}],"author":[{"embeddable":true,"href":"https:\/\/fragen.sf-datentechnik.de\/index.php?rest_route=\/wp\/v2\/users\/1"}],"replies":[{"embeddable":true,"href":"https:\/\/fragen.sf-datentechnik.de\/index.php?rest_route=%2Fwp%2Fv2%2Fcomments&post=39"}],"version-history":[{"count":13,"href":"https:\/\/fragen.sf-datentechnik.de\/index.php?rest_route=\/wp\/v2\/pages\/39\/revisions"}],"predecessor-version":[{"id":106,"href":"https:\/\/fragen.sf-datentechnik.de\/index.php?rest_route=\/wp\/v2\/pages\/39\/revisions\/106"}],"wp:attachment":[{"href":"https:\/\/fragen.sf-datentechnik.de\/index.php?rest_route=%2Fwp%2Fv2%2Fmedia&parent=39"}],"curies":[{"name":"wp","href":"https:\/\/api.w.org\/{rel}","templated":true}]}}